{"id":245,"date":"2017-10-08T10:22:45","date_gmt":"2017-10-08T08:22:45","guid":{"rendered":"http:\/\/insel-elektro.com\/site\/?page_id=245"},"modified":"2017-11-17T23:44:42","modified_gmt":"2017-11-17T22:44:42","slug":"leistungen","status":"publish","type":"page","link":"https:\/\/insel-elektro.com\/site\/leistungen\/","title":{"rendered":"Elektrotechnik"},"content":{"rendered":"<p>[et_pb_section bb_built=&#8221;1&#8243; fullwidth=&#8221;off&#8221; specialty=&#8221;off&#8221; _builder_version=&#8221;3.0.89&#8243; background_color=&#8221;#0c71c3&#8243; custom_padding=&#8221;20px||20px|&#8221;][et_pb_row _builder_version=&#8221;3.0.89&#8243; custom_padding=&#8221;20px||20px|&#8221;][et_pb_column type=&#8221;4_4&#8243;][et_pb_text _builder_version=&#8221;3.0.89&#8243; background_layout=&#8221;dark&#8221; border_style=&#8221;solid&#8221; text_font_size=&#8221;30&#8243; animation_style=&#8221;slide&#8221; border_style_all=&#8221;solid&#8221;]<\/p>\n<h1>Leistungs\u00adspektrum Elektrotechnik<\/h1>\n<p>[\/et_pb_text][\/et_pb_column][\/et_pb_row][\/et_pb_section][et_pb_section bb_built=&#8221;1&#8243; fullwidth=&#8221;off&#8221; specialty=&#8221;off&#8221;][et_pb_row][et_pb_column type=&#8221;4_4&#8243;][et_pb_text _builder_version=&#8221;3.0.89&#8243; background_layout=&#8221;light&#8221;]<\/p>\n<h2>Qualit\u00e4t die Verbindet<\/h2>\n<p>Wenn Sie einen zuverl\u00e4ssigen und guten Partner f\u00fcr Elektroinstallationen und Reparaturen aller Art suchen, sind Sie bei uns genau richtig! Wir begleiten Sie von der Erstberatung \u00fcber die Planung bis hin zur Installation und Wartung von diversen elektrischen Anlagen.<br \/>\nVerschaffen Sie sich hier einen \u00dcberblick \u00fcber unser umfangreiches\u00a0Leistungsangebot.\u00a0Bei allen Auftr\u00e4gen erledigen wir unsere Arbeit stets gewissenhaft, damit Sie zufrieden sind. Dabei achten wir fortw\u00e4hrend darauf, Ihnen die qualitativ anspruchsvollste und kosteng\u00fcnstigste individuelle L\u00f6sung anzubieten.<\/p>\n<p>[\/et_pb_text][\/et_pb_column][\/et_pb_row][\/et_pb_section][et_pb_section bb_built=&#8221;1&#8243; fullwidth=&#8221;off&#8221; specialty=&#8221;off&#8221; _builder_version=&#8221;3.0.89&#8243; background_color=&#8221;#e5e5e5&#8243;][et_pb_row _builder_version=&#8221;3.0.89&#8243;][et_pb_column type=&#8221;1_2&#8243;][et_pb_image _builder_version=&#8221;3.0.89&#8243; src=&#8221;https:\/\/insel-elektro.com\/site\/wp-content\/uploads\/2017\/11\/1-grundinstallation.png&#8221; show_in_lightbox=&#8221;off&#8221; url_new_window=&#8221;off&#8221; use_overlay=&#8221;off&#8221; always_center_on_mobile=&#8221;on&#8221; force_fullwidth=&#8221;off&#8221; show_bottom_space=&#8221;on&#8221; animation_style=&#8221;slide&#8221; \/][et_pb_text _builder_version=&#8221;3.0.89&#8243; background_layout=&#8221;light&#8221;]<\/p>\n<p><strong>Grundinstallation:<\/strong><br \/>\nAufputz- und Unterputzinstallation in Wohn- und Zweckgeb\u00e4uden. Zur Steigerung Ihrer Sicherheit verwenden wir ausschlie\u00dflich gepr\u00fcfte Markenmaterialien.<\/p>\n<p>[\/et_pb_text][\/et_pb_column][et_pb_column type=&#8221;1_2&#8243;][et_pb_image _builder_version=&#8221;3.0.89&#8243; src=&#8221;https:\/\/insel-elektro.com\/site\/wp-content\/uploads\/2017\/11\/2-sicherheit.png&#8221; show_in_lightbox=&#8221;off&#8221; url_new_window=&#8221;off&#8221; use_overlay=&#8221;off&#8221; always_center_on_mobile=&#8221;on&#8221; force_fullwidth=&#8221;off&#8221; show_bottom_space=&#8221;on&#8221; animation_style=&#8221;slide&#8221; \/][et_pb_text _builder_version=&#8221;3.0.89&#8243; background_layout=&#8221;light&#8221;]<\/p>\n<p><strong>Sicherheitstechnik<\/strong>:<br \/>\nMit Alarmanlagen und Gefahrenmeldern erh\u00f6hen Sie die Sicherheit jedes Bauobjektes. Durchdachte Sicherheitskonzepte k\u00f6nnen durch uns geplant und fachm\u00e4nnisch ausgef\u00fchrt werden.<\/p>\n<p>[\/et_pb_text][\/et_pb_column][\/et_pb_row][\/et_pb_section][et_pb_section bb_built=&#8221;1&#8243; fullwidth=&#8221;off&#8221; specialty=&#8221;off&#8221; _builder_version=&#8221;3.0.89&#8243; custom_padding=&#8221;20px||20px|&#8221;][et_pb_row _builder_version=&#8221;3.0.89&#8243;][et_pb_column type=&#8221;1_2&#8243;][et_pb_image _builder_version=&#8221;3.0.89&#8243; src=&#8221;https:\/\/insel-elektro.com\/site\/wp-content\/uploads\/2017\/11\/3-beleuchtung.png&#8221; show_in_lightbox=&#8221;off&#8221; url_new_window=&#8221;off&#8221; use_overlay=&#8221;off&#8221; always_center_on_mobile=&#8221;on&#8221; force_fullwidth=&#8221;off&#8221; show_bottom_space=&#8221;on&#8221; animation_style=&#8221;slide&#8221; \/][et_pb_text _builder_version=&#8221;3.0.89&#8243; background_layout=&#8221;light&#8221;]<\/p>\n<p><strong>Beleuchtungstechnik<\/strong>:<br \/>\nPlanung und Installation von kleinen bis komplexen Beleuchtungssystemen in privaten und gewerblichen Objekten. Reduktion der Betriebskosten durch den Einsatz moderner Leuchtmittel.<\/p>\n<p>[\/et_pb_text][\/et_pb_column][et_pb_column type=&#8221;1_2&#8243;][et_pb_image _builder_version=&#8221;3.0.89&#8243; src=&#8221;https:\/\/insel-elektro.com\/site\/wp-content\/uploads\/2017\/11\/4-solar.png&#8221; show_in_lightbox=&#8221;off&#8221; url_new_window=&#8221;off&#8221; use_overlay=&#8221;off&#8221; always_center_on_mobile=&#8221;on&#8221; force_fullwidth=&#8221;off&#8221; show_bottom_space=&#8221;on&#8221; animation_style=&#8221;slide&#8221; \/][et_pb_text _builder_version=&#8221;3.0.89&#8243; background_layout=&#8221;light&#8221;]<\/p>\n<p><strong>Photovoltaik<\/strong>:<br \/>\nKonzeption und Realisation aller Schritte bei einer Photovoltaik-Anlage. Wir beraten Sie ausf\u00fchrlich und informieren \u00fcber staatliche F\u00f6rdermittel, die Sie in Anspruch nehmen k\u00f6nnen.<\/p>\n<p>[\/et_pb_text][\/et_pb_column][\/et_pb_row][\/et_pb_section][et_pb_section bb_built=&#8221;1&#8243; fullwidth=&#8221;off&#8221; specialty=&#8221;off&#8221; _builder_version=&#8221;3.0.89&#8243; background_color=&#8221;#e5e5e5&#8243;][et_pb_row _builder_version=&#8221;3.0.89&#8243;][et_pb_column type=&#8221;1_2&#8243;][et_pb_image _builder_version=&#8221;3.0.89&#8243; src=&#8221;https:\/\/insel-elektro.com\/site\/wp-content\/uploads\/2017\/11\/5-steuerung.png&#8221; show_in_lightbox=&#8221;off&#8221; url_new_window=&#8221;off&#8221; use_overlay=&#8221;off&#8221; always_center_on_mobile=&#8221;on&#8221; force_fullwidth=&#8221;off&#8221; show_bottom_space=&#8221;on&#8221; animation_style=&#8221;slide&#8221; \/][et_pb_text _builder_version=&#8221;3.0.89&#8243; background_layout=&#8221;light&#8221;]<\/p>\n<p><strong>Geb\u00e4udesteuerung<\/strong>:<br \/>\nErh\u00f6hen Sie Ihren Lebens- und Wohnkomfort durch eine zentrale Geb\u00e4udesteuerung. Durchdachte Systeme erm\u00f6glichen eine Automatisierung allt\u00e4glilcher Routinen.<\/p>\n<p>[\/et_pb_text][\/et_pb_column][et_pb_column type=&#8221;1_2&#8243;][et_pb_image _builder_version=&#8221;3.0.89&#8243; src=&#8221;https:\/\/insel-elektro.com\/site\/wp-content\/uploads\/2017\/11\/6-multimedia.png&#8221; show_in_lightbox=&#8221;off&#8221; url_new_window=&#8221;off&#8221; use_overlay=&#8221;off&#8221; always_center_on_mobile=&#8221;on&#8221; force_fullwidth=&#8221;off&#8221; show_bottom_space=&#8221;on&#8221; animation_style=&#8221;slide&#8221; \/][et_pb_text _builder_version=&#8221;3.0.89&#8243; background_layout=&#8221;light&#8221;]<\/p>\n<p><strong>Multimedia<\/strong>:<br \/>\nFachgerechter Aufbau und exakte Ausrichtung von Satelliten-Empfangsanlagen, Einrichtung von SAT-Receivern und Multimediaanlagen.<\/p>\n<p>[\/et_pb_text][\/et_pb_column][\/et_pb_row][\/et_pb_section][et_pb_section bb_built=&#8221;1&#8243; fullwidth=&#8221;off&#8221; specialty=&#8221;off&#8221;][et_pb_row][et_pb_column type=&#8221;1_2&#8243;][et_pb_image _builder_version=&#8221;3.0.89&#8243; src=&#8221;https:\/\/insel-elektro.com\/site\/wp-content\/uploads\/2017\/11\/7-kommunikation.png&#8221; show_in_lightbox=&#8221;off&#8221; url_new_window=&#8221;off&#8221; use_overlay=&#8221;off&#8221; always_center_on_mobile=&#8221;on&#8221; force_fullwidth=&#8221;off&#8221; show_bottom_space=&#8221;on&#8221; animation_style=&#8221;slide&#8221; \/][et_pb_text _builder_version=&#8221;3.0.89&#8243; background_layout=&#8221;light&#8221;]<\/p>\n<p><strong>Kommunikation<\/strong>:<br \/>\nPlanung, Verkabelung und Installation f\u00fcr Telefon- und Sprechanlagen sowie Netzwerktechnik in Ihrem Geb\u00e4ude.<\/p>\n<p>[\/et_pb_text][\/et_pb_column][et_pb_column type=&#8221;1_2&#8243;][et_pb_image _builder_version=&#8221;3.0.89&#8243; src=&#8221;https:\/\/insel-elektro.com\/site\/wp-content\/uploads\/2017\/11\/8-sat.png&#8221; show_in_lightbox=&#8221;off&#8221; url_new_window=&#8221;off&#8221; use_overlay=&#8221;off&#8221; always_center_on_mobile=&#8221;on&#8221; force_fullwidth=&#8221;off&#8221; show_bottom_space=&#8221;on&#8221; animation_style=&#8221;slide&#8221; \/][et_pb_text _builder_version=&#8221;3.0.89&#8243; background_layout=&#8221;light&#8221;]<\/p>\n<p><strong>SAT Technik \/ Antennenbau:<\/strong><br \/>\nPlanung, Errichtung und Wartung von: Kabelfernseh-, Satelliten- und Antennenanlagen (Kabelfernsehanlagen, Digitale und analoge Satellitenanlagen, Digitale (DVB-T) und analoge terrestische Antennenanlagen<\/p>\n<p>[\/et_pb_text][\/et_pb_column][\/et_pb_row][\/et_pb_section][et_pb_section bb_built=&#8221;1&#8243; _builder_version=&#8221;3.0.89&#8243; background_color=&#8221;#e5e5e5&#8243;][et_pb_row][et_pb_column type=&#8221;4_4&#8243;][et_pb_cta _builder_version=&#8221;3.0.89&#8243; title=&#8221;Wir sind f\u00fcr Sie da&#8230;&#8221; button_text=&#8221;Kontaktformular&#8221; button_url=&#8221;https:\/\/insel-elektro.com\/site\/kontakt\/&#8221; url_new_window=&#8221;off&#8221; background_color=&#8221;#a80d0d&#8221; use_background_color=&#8221;on&#8221; background_layout=&#8221;dark&#8221; border_style=&#8221;solid&#8221; custom_button=&#8221;off&#8221; button_icon_placement=&#8221;right&#8221; animation_style=&#8221;bounce&#8221;]<\/p>\n<p>Das ist nur ein kleiner Auszug aus unserem Leistungsangebot. Wenn Sie das, was Sie suchen, hier nicht gefunden haben, dann sprechen Sie uns bitte an. Schildern Sie uns einfach kurz, was wir f\u00fcr Sie tun k\u00f6nnen, und wir melden uns so schnell es geht bei Ihnen.<\/p>\n<p>[\/et_pb_cta][\/et_pb_column][\/et_pb_row][\/et_pb_section]<\/p>\n","protected":false},"excerpt":{"rendered":"<p>Leistungs\u00adspektrum Elektrotechnik <div class=\"et_pb_row et_pb_row_0 et_pb_row_empty\">\n\t\t\t\t\n\t\t\t\t\n\t\t\t\t\n\t\t\t\t\n\t\t\t\t\n\t\t\t<\/div> Qualit\u00e4t die Verbindet Wenn Sie einen zuverl\u00e4ssigen und guten Partner f\u00fcr Elektroinstallationen und Reparaturen aller Art suchen, sind Sie bei uns genau richtig! Wir begleiten Sie von der Erstberatung \u00fcber die Planung bis hin zur Installation und Wartung von diversen elektrischen Anlagen. Verschaffen Sie sich hier einen \u00dcberblick \u00fcber unser umfangreiches\u00a0Leistungsangebot.\u00a0Bei allen [&hellip;]<\/p>\n","protected":false},"author":1,"featured_media":0,"parent":0,"menu_order":0,"comment_status":"closed","ping_status":"closed","template":"","meta":{"_et_pb_use_builder":"on","_et_pb_old_content":"","_et_gb_content_width":"","footnotes":""},"class_list":["post-245","page","type-page","status-publish","hentry"],"_links":{"self":[{"href":"https:\/\/insel-elektro.com\/site\/wp-json\/wp\/v2\/pages\/245","targetHints":{"allow":["GET"]}}],"collection":[{"href":"https:\/\/insel-elektro.com\/site\/wp-json\/wp\/v2\/pages"}],"about":[{"href":"https:\/\/insel-elektro.com\/site\/wp-json\/wp\/v2\/types\/page"}],"author":[{"embeddable":true,"href":"https:\/\/insel-elektro.com\/site\/wp-json\/wp\/v2\/users\/1"}],"replies":[{"embeddable":true,"href":"https:\/\/insel-elektro.com\/site\/wp-json\/wp\/v2\/comments?post=245"}],"version-history":[{"count":34,"href":"https:\/\/insel-elektro.com\/site\/wp-json\/wp\/v2\/pages\/245\/revisions"}],"predecessor-version":[{"id":442,"href":"https:\/\/insel-elektro.com\/site\/wp-json\/wp\/v2\/pages\/245\/revisions\/442"}],"wp:attachment":[{"href":"https:\/\/insel-elektro.com\/site\/wp-json\/wp\/v2\/media?parent=245"}],"curies":[{"name":"wp","href":"https:\/\/api.w.org\/{rel}","templated":true}]}}